{"id":5733,"date":"2025-09-04T11:44:04","date_gmt":"2025-09-04T09:44:04","guid":{"rendered":"https:\/\/cyclebee.app\/anmeldung-radurlaub-online-stammtisch-25062025-copy\/"},"modified":"2025-10-03T10:30:33","modified_gmt":"2025-10-03T08:30:33","slug":"anmeldung-radurlaub-online-stammtisch-08102025","status":"publish","type":"page","link":"https:\/\/cyclebee.app\/en\/anmeldung-radurlaub-online-stammtisch-08102025\/","title":{"rendered":"Anmeldung Radurlaub Online Stammtisch 08.10.25"},"content":{"rendered":"<div data-elementor-type=\"wp-page\" data-elementor-id=\"5733\" class=\"elementor elementor-5733\" data-elementor-post-type=\"page\">\n\t\t\t\t\t\t<section class=\"elementor-section elementor-top-section elementor-element elementor-element-fbb349b elementor-section-full_width elementor-section-height-default elementor-section-height-default\" data-id=\"fbb349b\" data-element_type=\"section\" data-settings=\"{&quot;background_background&quot;:&quot;classic&quot;,&quot;jet_parallax_layout_list&quot;:[{&quot;jet_parallax_layout_image&quot;:{&quot;url&quot;:&quot;&quot;,&quot;id&quot;:&quot;&quot;,&quot;size&quot;:&quot;&quot;},&quot;_id&quot;:&quot;e2440b9&quot;,&quot;jet_parallax_layout_image_tablet&quot;:{&quot;url&quot;:&quot;&quot;,&quot;id&quot;:&quot;&quot;,&quot;size&quot;:&quot;&quot;},&quot;jet_parallax_layout_image_mobile&quot;:{&quot;url&quot;:&quot;&quot;,&quot;id&quot;:&quot;&quot;,&quot;size&quot;:&quot;&quot;},&quot;jet_parallax_layout_speed&quot;:{&quot;unit&quot;:&quot;%&quot;,&quot;size&quot;:50,&quot;sizes&quot;:[]},&quot;jet_parallax_layout_type&quot;:&quot;scroll&quot;,&quot;jet_parallax_layout_direction&quot;:&quot;1&quot;,&quot;jet_parallax_layout_fx_direction&quot;:null,&quot;jet_parallax_layout_z_index&quot;:&quot;&quot;,&quot;jet_parallax_layout_bg_x&quot;:50,&quot;jet_parallax_layout_bg_x_tablet&quot;:&quot;&quot;,&quot;jet_parallax_layout_bg_x_mobile&quot;:&quot;&quot;,&quot;jet_parallax_layout_bg_y&quot;:50,&quot;jet_parallax_layout_bg_y_tablet&quot;:&quot;&quot;,&quot;jet_parallax_layout_bg_y_mobile&quot;:&quot;&quot;,&quot;jet_parallax_layout_bg_size&quot;:&quot;auto&quot;,&quot;jet_parallax_layout_bg_size_tablet&quot;:&quot;&quot;,&quot;jet_parallax_layout_bg_size_mobile&quot;:&quot;&quot;,&quot;jet_parallax_layout_animation_prop&quot;:&quot;transform&quot;,&quot;jet_parallax_layout_on&quot;:[&quot;desktop&quot;,&quot;tablet&quot;]}],&quot;shape_divider_bottom&quot;:&quot;triangle-asymmetrical&quot;,&quot;shape_divider_bottom_negative&quot;:&quot;yes&quot;}\">\n\t\t\t\t\t<div class=\"elementor-shape elementor-shape-bottom\" aria-hidden=\"true\" data-negative=\"true\">\n\t\t\t<svg xmlns=\"http:\/\/www.w3.org\/2000\/svg\" viewbox=\"0 0 1000 100\" preserveaspectratio=\"none\">\n\t<path class=\"elementor-shape-fill\" d=\"M737.9,94.7L0,0v100h1000V0L737.9,94.7z\"\/>\n<\/svg>\t\t<\/div>\n\t\t\t\t\t<div class=\"elementor-container elementor-column-gap-default\">\n\t\t\t\t\t<div class=\"elementor-column elementor-col-50 elementor-top-column elementor-element elementor-element-7716d1b\" data-id=\"7716d1b\" data-element_type=\"column\">\n\t\t\t<div class=\"elementor-widget-wrap elementor-element-populated\">\n\t\t\t\t\t\t<div class=\"elementor-element elementor-element-5efa9fa elementor-widget elementor-widget-heading\" data-id=\"5efa9fa\" data-element_type=\"widget\" data-widget_type=\"heading.default\">\n\t\t\t\t<div class=\"elementor-widget-container\">\n\t\t\t\t\t<h2 class=\"elementor-heading-title elementor-size-default\">Gemeinsam<br>einfach<br>radreisen<\/h2>\t\t\t\t<\/div>\n\t\t\t\t<\/div>\n\t\t\t\t<div class=\"elementor-element elementor-element-6c88388 elementor-widget-divider--view-line elementor-widget elementor-widget-divider\" data-id=\"6c88388\" data-element_type=\"widget\" data-widget_type=\"divider.default\">\n\t\t\t\t<div class=\"elementor-widget-container\">\n\t\t\t\t\t\t\t<div class=\"elementor-divider\">\n\t\t\t<span class=\"elementor-divider-separator\">\n\t\t\t\t\t\t<\/span>\n\t\t<\/div>\n\t\t\t\t\t\t<\/div>\n\t\t\t\t<\/div>\n\t\t\t\t\t<\/div>\n\t\t<\/div>\n\t\t\t\t<div class=\"elementor-column elementor-col-50 elementor-top-column elementor-element elementor-element-6e6c45e\" data-id=\"6e6c45e\" data-element_type=\"column\" data-settings=\"{&quot;background_background&quot;:&quot;classic&quot;}\">\n\t\t\t<div class=\"elementor-widget-wrap elementor-element-populated\">\n\t\t\t\t\t<div class=\"elementor-background-overlay\"><\/div>\n\t\t\t\t\t\t<div class=\"elementor-element elementor-element-b82a3c4 elementor-widget elementor-widget-spacer\" data-id=\"b82a3c4\" data-element_type=\"widget\" data-widget_type=\"spacer.default\">\n\t\t\t\t<div class=\"elementor-widget-container\">\n\t\t\t\t\t\t\t<div class=\"elementor-spacer\">\n\t\t\t<div class=\"elementor-spacer-inner\"><\/div>\n\t\t<\/div>\n\t\t\t\t\t\t<\/div>\n\t\t\t\t<\/div>\n\t\t\t\t\t<\/div>\n\t\t<\/div>\n\t\t\t\t\t<\/div>\n\t\t<\/section>\n\t\t\t\t<section class=\"elementor-section elementor-top-section elementor-element elementor-element-1374d1d elementor-section-boxed elementor-section-height-default elementor-section-height-default elementor-invisible\" data-id=\"1374d1d\" data-element_type=\"section\" data-settings=\"{&quot;jet_parallax_layout_list&quot;:[{&quot;jet_parallax_layout_image&quot;:{&quot;url&quot;:&quot;&quot;,&quot;id&quot;:&quot;&quot;,&quot;size&quot;:&quot;&quot;},&quot;_id&quot;:&quot;9964626&quot;,&quot;jet_parallax_layout_image_tablet&quot;:{&quot;url&quot;:&quot;&quot;,&quot;id&quot;:&quot;&quot;,&quot;size&quot;:&quot;&quot;},&quot;jet_parallax_layout_image_mobile&quot;:{&quot;url&quot;:&quot;&quot;,&quot;id&quot;:&quot;&quot;,&quot;size&quot;:&quot;&quot;},&quot;jet_parallax_layout_speed&quot;:{&quot;unit&quot;:&quot;%&quot;,&quot;size&quot;:50,&quot;sizes&quot;:[]},&quot;jet_parallax_layout_type&quot;:&quot;scroll&quot;,&quot;jet_parallax_layout_direction&quot;:&quot;1&quot;,&quot;jet_parallax_layout_fx_direction&quot;:null,&quot;jet_parallax_layout_z_index&quot;:&quot;&quot;,&quot;jet_parallax_layout_bg_x&quot;:50,&quot;jet_parallax_layout_bg_x_tablet&quot;:&quot;&quot;,&quot;jet_parallax_layout_bg_x_mobile&quot;:&quot;&quot;,&quot;jet_parallax_layout_bg_y&quot;:50,&quot;jet_parallax_layout_bg_y_tablet&quot;:&quot;&quot;,&quot;jet_parallax_layout_bg_y_mobile&quot;:&quot;&quot;,&quot;jet_parallax_layout_bg_size&quot;:&quot;auto&quot;,&quot;jet_parallax_layout_bg_size_tablet&quot;:&quot;&quot;,&quot;jet_parallax_layout_bg_size_mobile&quot;:&quot;&quot;,&quot;jet_parallax_layout_animation_prop&quot;:&quot;transform&quot;,&quot;jet_parallax_layout_on&quot;:[&quot;desktop&quot;,&quot;tablet&quot;]}],&quot;animation&quot;:&quot;fadeInUp&quot;}\">\n\t\t\t\t\t\t<div class=\"elementor-container elementor-column-gap-default\">\n\t\t\t\t\t<div class=\"elementor-column elementor-col-100 elementor-top-column elementor-element elementor-element-0f79236\" data-id=\"0f79236\" data-element_type=\"column\">\n\t\t\t<div class=\"elementor-widget-wrap elementor-element-populated\">\n\t\t\t\t\t\t<div class=\"elementor-element elementor-element-cd24e3a elementor-widget elementor-widget-heading\" data-id=\"cd24e3a\" data-element_type=\"widget\" data-widget_type=\"heading.default\">\n\t\t\t\t<div class=\"elementor-widget-container\">\n\t\t\t\t\t<h2 class=\"elementor-heading-title elementor-size-default\">Sei dabei<\/h2>\t\t\t\t<\/div>\n\t\t\t\t<\/div>\n\t\t\t\t<div class=\"elementor-element elementor-element-f4ebfa6 elementor-widget elementor-widget-heading\" data-id=\"f4ebfa6\" data-element_type=\"widget\" data-widget_type=\"heading.default\">\n\t\t\t\t<div class=\"elementor-widget-container\">\n\t\t\t\t\t<h1 class=\"elementor-heading-title elementor-size-default\">Radurlaub Online Stammtisch<\/h1>\t\t\t\t<\/div>\n\t\t\t\t<\/div>\n\t\t\t\t<div class=\"elementor-element elementor-element-94a26d3 elementor-widget elementor-widget-spacer\" data-id=\"94a26d3\" data-element_type=\"widget\" data-widget_type=\"spacer.default\">\n\t\t\t\t<div class=\"elementor-widget-container\">\n\t\t\t\t\t\t\t<div class=\"elementor-spacer\">\n\t\t\t<div class=\"elementor-spacer-inner\"><\/div>\n\t\t<\/div>\n\t\t\t\t\t\t<\/div>\n\t\t\t\t<\/div>\n\t\t\t\t<div class=\"elementor-element elementor-element-707ec2e elementor-widget elementor-widget-text-editor\" data-id=\"707ec2e\" data-element_type=\"widget\" data-widget_type=\"text-editor.default\">\n\t\t\t\t<div class=\"elementor-widget-container\">\n\t\t\t\t\t\t\t\t\t<h2><strong>Mittwoch, 08.10.2025 18:30 Uhr<\/strong><\/h2><p>Wie machst du das eigentlich?<\/p><p>Im Austausch mit anderen radurlaub-begeisterten Menschen lernen wir immer wieder neue M\u00f6glichkeiten, kleine und gro\u00dfe Tricks sowie kreative Gestaltungsformen f\u00fcr unsere Urlaube mit dem besten Reisevehikel, das es gibt, kennen \u2013 dem Fahrrad.<\/p><p>Du bist herzlich willkommen, deine Fragen zu stellen und eigene Erfahrungen weiterzugeben \u2013 ob Neuling oder Radreise-Expert:in.<\/p><p>Lerne andere Radurlauberinnen und Radreise-Fans in der Community kennen.<\/p>\t\t\t\t\t\t\t\t<\/div>\n\t\t\t\t<\/div>\n\t\t\t\t<div class=\"elementor-element elementor-element-5b4d8ac elementor-widget elementor-widget-text-editor\" data-id=\"5b4d8ac\" data-element_type=\"widget\" data-widget_type=\"text-editor.default\">\n\t\t\t\t<div class=\"elementor-widget-container\">\n\t\t\t\t\t\t\t\t\t<ul>\n \t<li><span style=\"font-family: Montserrat; font-size: 14.0pt;\">Gemeinsame Erfahrungen<\/span><\/li>\n \t<li style=\"margin-top: 0; margin-bottom: 0; vertical-align: middle;\"><span style=\"font-family: Montserrat; font-size: 14.0pt;\">Vertrauensvoller Austausch<\/span><\/li>\n \t<li style=\"margin-top: 0; margin-bottom: 0; vertical-align: middle;\"><span style=\"font-family: Montserrat; font-size: 14.0pt;\">Motivation und gegenseitige Unterst\u00fctzung<\/span><\/li>\n \t<li style=\"margin-top: 0; margin-bottom: 0; vertical-align: middle;\"><span style=\"font-family: Montserrat; font-size: 14.0pt;\">Kontakte, Netzwerk und vielleicht sogar eine neue Reisebegleitung \ud83d\ude09<\/span><\/li>\n<\/ul>\t\t\t\t\t\t\t\t<\/div>\n\t\t\t\t<\/div>\n\t\t\t\t<div class=\"elementor-element elementor-element-8371215 elementor-widget elementor-widget-text-editor\" data-id=\"8371215\" data-element_type=\"widget\" data-widget_type=\"text-editor.default\">\n\t\t\t\t<div class=\"elementor-widget-container\">\n\t\t\t\t\t\t\t\t\t<p>Die Veranstaltung findet via Google Meet statt. Du erh\u00e4ltst am Vortag den entsprechenden Link per Mail.<\/p>\t\t\t\t\t\t\t\t<\/div>\n\t\t\t\t<\/div>\n\t\t\t\t<div class=\"elementor-element elementor-element-2ceee60 elementor-widget elementor-widget-spacer\" data-id=\"2ceee60\" data-element_type=\"widget\" data-widget_type=\"spacer.default\">\n\t\t\t\t<div class=\"elementor-widget-container\">\n\t\t\t\t\t\t\t<div class=\"elementor-spacer\">\n\t\t\t<div class=\"elementor-spacer-inner\"><\/div>\n\t\t<\/div>\n\t\t\t\t\t\t<\/div>\n\t\t\t\t<\/div>\n\t\t\t\t<div class=\"elementor-element elementor-element-bc9fd74 elementor-widget elementor-widget-text-editor\" data-id=\"bc9fd74\" data-element_type=\"widget\" data-widget_type=\"text-editor.default\">\n\t\t\t\t<div class=\"elementor-widget-container\">\n\t\t\t\t\t\t\t\t\t<h2><strong>Anmeldung zum Radurlaub Online Stammtisch am 08.10.2025 um 18:30Uhr<\/strong><\/h2>\t\t\t\t\t\t\t\t<\/div>\n\t\t\t\t<\/div>\n\t\t\t\t<div class=\"elementor-element elementor-element-766daf3 elementor-widget elementor-widget-spacer\" data-id=\"766daf3\" data-element_type=\"widget\" data-widget_type=\"spacer.default\">\n\t\t\t\t<div class=\"elementor-widget-container\">\n\t\t\t\t\t\t\t<div class=\"elementor-spacer\">\n\t\t\t<div class=\"elementor-spacer-inner\"><\/div>\n\t\t<\/div>\n\t\t\t\t\t\t<\/div>\n\t\t\t\t<\/div>\n\t\t\t\t<div class=\"elementor-element elementor-element-e1ce877 elementor-button-align-stretch elementor-widget elementor-widget-form\" data-id=\"e1ce877\" data-element_type=\"widget\" data-settings=\"{&quot;step_next_label&quot;:&quot;weiter &gt;&quot;,&quot;step_previous_label&quot;:&quot;&lt; zur\\u00fcck&quot;,&quot;step_type&quot;:&quot;none&quot;,&quot;step_icon_shape&quot;:&quot;none&quot;,&quot;button_width&quot;:&quot;100&quot;}\" data-widget_type=\"form.default\">\n\t\t\t\t<div class=\"elementor-widget-container\">\n\t\t\t\t\t\t\t<form class=\"elementor-form\" method=\"post\" name=\"Anmeldung Stammtisch 08.10.\" aria-label=\"Anmeldung Stammtisch 08.10.\" action=\"\">\n\t\t\t<input type=\"hidden\" name=\"post_id\" value=\"5733\"\/>\n\t\t\t<input type=\"hidden\" name=\"form_id\" value=\"e1ce877\"\/>\n\t\t\t<input type=\"hidden\" name=\"referer_title\" value=\"cyclebee\" \/>\n\n\t\t\t\n\t\t\t<div class=\"elementor-form-fields-wrapper elementor-labels-above\">\n\t\t\t\t\t\t\t\t<div class=\"elementor-field-type-text elementor-field-group elementor-column elementor-field-group-field_0bce6d4 elementor-col-100 elementor-field-required elementor-mark-required\">\n\t\t\t\t\t\t\t\t\t\t\t\t<label for=\"form-field-field_0bce6d4\" class=\"elementor-field-label\">\n\t\t\t\t\t\t\t\tName\t\t\t\t\t\t\t<\/label>\n\t\t\t\t\t\t\t\t\t\t\t\t\t\t<input size=\"1\" type=\"text\" name=\"form_fields[field_0bce6d4]\" id=\"form-field-field_0bce6d4\" class=\"elementor-field elementor-size-xl  elementor-field-textual\" required=\"required\">\n\t\t\t\t\t\t\t\t\t\t\t<\/div>\n\t\t\t\t\t\t\t\t<div class=\"elementor-field-type-email elementor-field-group elementor-column elementor-field-group-field_857e2ed elementor-col-100 elementor-field-required elementor-mark-required\">\n\t\t\t\t\t\t\t\t\t\t\t\t<label for=\"form-field-field_857e2ed\" class=\"elementor-field-label\">\n\t\t\t\t\t\t\t\tE-Mail: \t\t\t\t\t\t\t<\/label>\n\t\t\t\t\t\t\t\t\t\t\t\t\t\t<input size=\"1\" type=\"email\" name=\"form_fields[field_857e2ed]\" id=\"form-field-field_857e2ed\" class=\"elementor-field elementor-size-xl  elementor-field-textual\" required=\"required\">\n\t\t\t\t\t\t\t\t\t\t\t<\/div>\n\t\t\t\t\t\t\t\t<div class=\"elementor-field-type-acceptance elementor-field-group elementor-column elementor-field-group-field_268b269 elementor-col-100\">\n\t\t\t\t\t\t\t\t\t\t\t\t<label for=\"form-field-field_268b269\" class=\"elementor-field-label\">\n\t\t\t\t\t\t\t\tNewsletter Anmeldung\t\t\t\t\t\t\t<\/label>\n\t\t\t\t\t\t\t\t<div class=\"elementor-field-subgroup\">\n\t\t\t<span class=\"elementor-field-option\">\n\t\t\t\t<input type=\"checkbox\" name=\"form_fields[field_268b269]\" id=\"form-field-field_268b269\" class=\"elementor-field elementor-size-xl  elementor-acceptance-field\">\n\t\t\t\t<label for=\"form-field-field_268b269\">Ja, ich m\u00f6chte informiert bleiben und regelm\u00e4\u00dfig Updates zur App, Radreise-Stammtisch Terminen und Tipps f\u00fcr vielf\u00e4ltige Radurlaube erhalten.<\/label>\t\t\t<\/span>\n\t\t<\/div>\n\t\t\t\t\t\t<\/div>\n\t\t\t\t\t\t\t\t<div class=\"elementor-field-group elementor-column elementor-field-type-submit elementor-col-100 e-form__buttons\">\n\t\t\t\t\t<button class=\"elementor-button elementor-size-sm\" type=\"submit\">\n\t\t\t\t\t\t<span class=\"elementor-button-content-wrapper\">\n\t\t\t\t\t\t\t\t\t\t\t\t\t\t\t\t\t\t\t\t\t\t<span class=\"elementor-button-text\">Absenden<\/span>\n\t\t\t\t\t\t\t\t\t\t\t\t\t<\/span>\n\t\t\t\t\t<\/button>\n\t\t\t\t<\/div>\n\t\t\t<\/div>\n\t\t<input type=\"hidden\" name=\"trp-form-language\" value=\"en\"\/><\/form>\n\t\t\t\t\t\t<\/div>\n\t\t\t\t<\/div>\n\t\t\t\t<div class=\"elementor-element elementor-element-b2546ab elementor-widget elementor-widget-text-editor\" data-id=\"b2546ab\" data-element_type=\"widget\" data-widget_type=\"text-editor.default\">\n\t\t\t\t<div class=\"elementor-widget-container\">\n\t\t\t\t\t\t\t\t\t<h3>Wir freuen uns auf dich!<\/h3>\t\t\t\t\t\t\t\t<\/div>\n\t\t\t\t<\/div>\n\t\t\t\t\t<\/div>\n\t\t<\/div>\n\t\t\t\t\t<\/div>\n\t\t<\/section>\n\t\t\t\t<\/div>","protected":false},"excerpt":{"rendered":"<p>Gemeinsameinfachradreisen Sei dabei Radurlaub Online Stammtisch Mittwoch, 08.10.2025 18:30 Uhr Wie machst du das eigentlich? Im Austausch mit anderen radurlaub-begeisterten Menschen lernen wir immer wieder neue M\u00f6glichkeiten, kleine und gro\u00dfe Tricks sowie kreative Gestaltungsformen f\u00fcr unsere Urlaube mit dem besten Reisevehikel, das es gibt, kennen \u2013 dem Fahrrad. Du bist herzlich willkommen, deine Fragen zu [&hellip;]<\/p>","protected":false},"author":5,"featured_media":0,"parent":0,"menu_order":84,"comment_status":"closed","ping_status":"closed","template":"","meta":{"footnotes":""},"class_list":["post-5733","page","type-page","status-publish","hentry"],"yoast_head":"<!-- This site is optimized with the Yoast SEO plugin v26.8 - https:\/\/yoast.com\/product\/yoast-seo-wordpress\/ -->\n<title>Anmeldung Radurlaub Online Stammtisch 08.10.25 - cyclebee<\/title>\n<meta name=\"description\" content=\"Welche Regionen sin noch echte Geheimtipps f\u00fcr Radurlaube?\" \/>\n<meta name=\"robots\" content=\"noindex, follow\" \/>\n<meta property=\"og:locale\" content=\"en_GB\" \/>\n<meta property=\"og:type\" content=\"article\" \/>\n<meta property=\"og:title\" content=\"Anmeldung Radurlaub Online Stammtisch 08.10.25 - cyclebee\" \/>\n<meta property=\"og:description\" content=\"Welche Regionen sin noch echte Geheimtipps f\u00fcr Radurlaube?\" \/>\n<meta property=\"og:url\" content=\"https:\/\/cyclebee.app\/en\/anmeldung-radurlaub-online-stammtisch-08102025\/\" \/>\n<meta property=\"og:site_name\" content=\"cyclebee\" \/>\n<meta property=\"article:modified_time\" content=\"2025-10-03T08:30:33+00:00\" \/>\n<meta name=\"twitter:card\" content=\"summary_large_image\" \/>\n<meta name=\"twitter:label1\" content=\"Estimated reading time\" \/>\n\t<meta name=\"twitter:data1\" content=\"1 minute\" \/>\n<script type=\"application\/ld+json\" class=\"yoast-schema-graph\">{\"@context\":\"https:\/\/schema.org\",\"@graph\":[{\"@type\":\"WebPage\",\"@id\":\"https:\/\/cyclebee.app\/anmeldung-radurlaub-online-stammtisch-08102025\/\",\"url\":\"https:\/\/cyclebee.app\/anmeldung-radurlaub-online-stammtisch-08102025\/\",\"name\":\"Anmeldung Radurlaub Online Stammtisch 08.10.25 - cyclebee\",\"isPartOf\":{\"@id\":\"https:\/\/cyclebee.app\/#website\"},\"datePublished\":\"2025-09-04T09:44:04+00:00\",\"dateModified\":\"2025-10-03T08:30:33+00:00\",\"description\":\"Welche Regionen sin noch echte Geheimtipps f\u00fcr Radurlaube?\",\"breadcrumb\":{\"@id\":\"https:\/\/cyclebee.app\/anmeldung-radurlaub-online-stammtisch-08102025\/#breadcrumb\"},\"inLanguage\":\"en-GB\",\"potentialAction\":[{\"@type\":\"ReadAction\",\"target\":[\"https:\/\/cyclebee.app\/anmeldung-radurlaub-online-stammtisch-08102025\/\"]}]},{\"@type\":\"BreadcrumbList\",\"@id\":\"https:\/\/cyclebee.app\/anmeldung-radurlaub-online-stammtisch-08102025\/#breadcrumb\",\"itemListElement\":[{\"@type\":\"ListItem\",\"position\":1,\"name\":\"Home\",\"item\":\"https:\/\/cyclebee.app\/\"},{\"@type\":\"ListItem\",\"position\":2,\"name\":\"Anmeldung Radurlaub Online Stammtisch 08.10.25\"}]},{\"@type\":\"WebSite\",\"@id\":\"https:\/\/cyclebee.app\/#website\",\"url\":\"https:\/\/cyclebee.app\/\",\"name\":\"cyclebee - Radreise-App\",\"description\":\"gemeinsam einfach radreisen\",\"publisher\":{\"@id\":\"https:\/\/cyclebee.app\/#organization\"},\"potentialAction\":[{\"@type\":\"SearchAction\",\"target\":{\"@type\":\"EntryPoint\",\"urlTemplate\":\"https:\/\/cyclebee.app\/?s={search_term_string}\"},\"query-input\":{\"@type\":\"PropertyValueSpecification\",\"valueRequired\":true,\"valueName\":\"search_term_string\"}}],\"inLanguage\":\"en-GB\"},{\"@type\":\"Organization\",\"@id\":\"https:\/\/cyclebee.app\/#organization\",\"name\":\"cyclebee\",\"url\":\"https:\/\/cyclebee.app\/\",\"logo\":{\"@type\":\"ImageObject\",\"inLanguage\":\"en-GB\",\"@id\":\"https:\/\/cyclebee.app\/#\/schema\/logo\/image\/\",\"url\":\"https:\/\/cyclebee.app\/wp-content\/uploads\/2021\/04\/logoblack.png\",\"contentUrl\":\"https:\/\/cyclebee.app\/wp-content\/uploads\/2021\/04\/logoblack.png\",\"width\":505,\"height\":128,\"caption\":\"cyclebee\"},\"image\":{\"@id\":\"https:\/\/cyclebee.app\/#\/schema\/logo\/image\/\"}}]}<\/script>\n<!-- \/ Yoast SEO plugin. -->","yoast_head_json":{"title":"Anmeldung Radurlaub Online Stammtisch 08.10.25 - cyclebee","description":"Welche Regionen sin noch echte Geheimtipps f\u00fcr Radurlaube?","robots":{"index":"noindex","follow":"follow"},"og_locale":"en_GB","og_type":"article","og_title":"Anmeldung Radurlaub Online Stammtisch 08.10.25 - cyclebee","og_description":"Welche Regionen sin noch echte Geheimtipps f\u00fcr Radurlaube?","og_url":"https:\/\/cyclebee.app\/en\/anmeldung-radurlaub-online-stammtisch-08102025\/","og_site_name":"cyclebee","article_modified_time":"2025-10-03T08:30:33+00:00","twitter_card":"summary_large_image","twitter_misc":{"Estimated reading time":"1 minute"},"schema":{"@context":"https:\/\/schema.org","@graph":[{"@type":"WebPage","@id":"https:\/\/cyclebee.app\/anmeldung-radurlaub-online-stammtisch-08102025\/","url":"https:\/\/cyclebee.app\/anmeldung-radurlaub-online-stammtisch-08102025\/","name":"Anmeldung Radurlaub Online Stammtisch 08.10.25 - cyclebee","isPartOf":{"@id":"https:\/\/cyclebee.app\/#website"},"datePublished":"2025-09-04T09:44:04+00:00","dateModified":"2025-10-03T08:30:33+00:00","description":"Welche Regionen sin noch echte Geheimtipps f\u00fcr Radurlaube?","breadcrumb":{"@id":"https:\/\/cyclebee.app\/anmeldung-radurlaub-online-stammtisch-08102025\/#breadcrumb"},"inLanguage":"en-GB","potentialAction":[{"@type":"ReadAction","target":["https:\/\/cyclebee.app\/anmeldung-radurlaub-online-stammtisch-08102025\/"]}]},{"@type":"BreadcrumbList","@id":"https:\/\/cyclebee.app\/anmeldung-radurlaub-online-stammtisch-08102025\/#breadcrumb","itemListElement":[{"@type":"ListItem","position":1,"name":"Home","item":"https:\/\/cyclebee.app\/"},{"@type":"ListItem","position":2,"name":"Anmeldung Radurlaub Online Stammtisch 08.10.25"}]},{"@type":"WebSite","@id":"https:\/\/cyclebee.app\/#website","url":"https:\/\/cyclebee.app\/","name":"cyclebee - Radreise-App","description":"gemeinsam einfach radreisen","publisher":{"@id":"https:\/\/cyclebee.app\/#organization"},"potentialAction":[{"@type":"SearchAction","target":{"@type":"EntryPoint","urlTemplate":"https:\/\/cyclebee.app\/?s={search_term_string}"},"query-input":{"@type":"PropertyValueSpecification","valueRequired":true,"valueName":"search_term_string"}}],"inLanguage":"en-GB"},{"@type":"Organization","@id":"https:\/\/cyclebee.app\/#organization","name":"cyclebee","url":"https:\/\/cyclebee.app\/","logo":{"@type":"ImageObject","inLanguage":"en-GB","@id":"https:\/\/cyclebee.app\/#\/schema\/logo\/image\/","url":"https:\/\/cyclebee.app\/wp-content\/uploads\/2021\/04\/logoblack.png","contentUrl":"https:\/\/cyclebee.app\/wp-content\/uploads\/2021\/04\/logoblack.png","width":505,"height":128,"caption":"cyclebee"},"image":{"@id":"https:\/\/cyclebee.app\/#\/schema\/logo\/image\/"}}]}},"_links":{"self":[{"href":"https:\/\/cyclebee.app\/en\/wp-json\/wp\/v2\/pages\/5733","targetHints":{"allow":["GET"]}}],"collection":[{"href":"https:\/\/cyclebee.app\/en\/wp-json\/wp\/v2\/pages"}],"about":[{"href":"https:\/\/cyclebee.app\/en\/wp-json\/wp\/v2\/types\/page"}],"author":[{"embeddable":true,"href":"https:\/\/cyclebee.app\/en\/wp-json\/wp\/v2\/users\/5"}],"replies":[{"embeddable":true,"href":"https:\/\/cyclebee.app\/en\/wp-json\/wp\/v2\/comments?post=5733"}],"version-history":[{"count":13,"href":"https:\/\/cyclebee.app\/en\/wp-json\/wp\/v2\/pages\/5733\/revisions"}],"predecessor-version":[{"id":5772,"href":"https:\/\/cyclebee.app\/en\/wp-json\/wp\/v2\/pages\/5733\/revisions\/5772"}],"wp:attachment":[{"href":"https:\/\/cyclebee.app\/en\/wp-json\/wp\/v2\/media?parent=5733"}],"curies":[{"name":"wp","href":"https:\/\/api.w.org\/{rel}","templated":true}]}}