{"id":5,"date":"2021-04-27T21:06:40","date_gmt":"2021-04-27T19:06:40","guid":{"rendered":"https:\/\/cyclebee.app\/datenschutz\/"},"modified":"2023-11-20T13:34:35","modified_gmt":"2023-11-20T12:34:35","slug":"datenschutz","status":"publish","type":"page","link":"https:\/\/cyclebee.app\/en\/datenschutz\/","title":{"rendered":"Data protection"},"content":{"rendered":"<div data-elementor-type=\"wp-page\" data-elementor-id=\"5\" class=\"elementor elementor-5\" data-elementor-post-type=\"page\">\n\t\t\t\t\t\t<section class=\"elementor-section elementor-top-section elementor-element elementor-element-50f19d2 elementor-section-boxed elementor-section-height-default elementor-section-height-default\" data-id=\"50f19d2\" data-element_type=\"section\" data-settings=\"{&quot;jet_parallax_layout_list&quot;:[{&quot;jet_parallax_layout_image&quot;:{&quot;url&quot;:&quot;&quot;,&quot;id&quot;:&quot;&quot;,&quot;size&quot;:&quot;&quot;},&quot;_id&quot;:&quot;6a6e63e&quot;,&quot;jet_parallax_layout_image_tablet&quot;:{&quot;url&quot;:&quot;&quot;,&quot;id&quot;:&quot;&quot;,&quot;size&quot;:&quot;&quot;},&quot;jet_parallax_layout_image_mobile&quot;:{&quot;url&quot;:&quot;&quot;,&quot;id&quot;:&quot;&quot;,&quot;size&quot;:&quot;&quot;},&quot;jet_parallax_layout_speed&quot;:{&quot;unit&quot;:&quot;%&quot;,&quot;size&quot;:50,&quot;sizes&quot;:[]},&quot;jet_parallax_layout_type&quot;:&quot;scroll&quot;,&quot;jet_parallax_layout_direction&quot;:&quot;1&quot;,&quot;jet_parallax_layout_fx_direction&quot;:null,&quot;jet_parallax_layout_z_index&quot;:&quot;&quot;,&quot;jet_parallax_layout_bg_x&quot;:50,&quot;jet_parallax_layout_bg_x_tablet&quot;:&quot;&quot;,&quot;jet_parallax_layout_bg_x_mobile&quot;:&quot;&quot;,&quot;jet_parallax_layout_bg_y&quot;:50,&quot;jet_parallax_layout_bg_y_tablet&quot;:&quot;&quot;,&quot;jet_parallax_layout_bg_y_mobile&quot;:&quot;&quot;,&quot;jet_parallax_layout_bg_size&quot;:&quot;auto&quot;,&quot;jet_parallax_layout_bg_size_tablet&quot;:&quot;&quot;,&quot;jet_parallax_layout_bg_size_mobile&quot;:&quot;&quot;,&quot;jet_parallax_layout_animation_prop&quot;:&quot;transform&quot;,&quot;jet_parallax_layout_on&quot;:[&quot;desktop&quot;,&quot;tablet&quot;]}]}\">\n\t\t\t\t\t\t<div class=\"elementor-container elementor-column-gap-default\">\n\t\t\t\t\t<div class=\"elementor-column elementor-col-100 elementor-top-column elementor-element elementor-element-337ffc7\" data-id=\"337ffc7\" data-element_type=\"column\">\n\t\t\t<div class=\"elementor-widget-wrap elementor-element-populated\">\n\t\t\t\t\t\t<div class=\"elementor-element elementor-element-c0de574 elementor-widget elementor-widget-text-editor\" data-id=\"c0de574\" data-element_type=\"widget\" data-widget_type=\"text-editor.default\">\n\t\t\t\t<div class=\"elementor-widget-container\">\n\t\t\t\t\t\t\t\t\t<h1>Datenschutzerkl\u00e4rung<\/h1><p>Als Dienstleister im Bereich IT-Software f\u00fcr Radreisende nimmt die cyclebee GmbH den Schutz Ihrer personenbezogenen Daten sehr ernst. Personenbezogene Daten werden von uns nur im hier dargestellten Umfang und gem\u00e4\u00df der Datenschutzgrundverordnung erhoben und verarbeitet. Das folgende Dokument beschreibt zusammenfassend, wie wir diesen Schutz gew\u00e4hrleisten, welche Daten zu welchem Zweck erhoben, und wie diese verarbeitet werden.<\/p><h2>1. Verantwortlicher und Kontaktdaten<\/h2><p>cyclebee GmbH<br \/>Stremayrgasse 16, 8010 Graz<br \/>Gesch\u00e4ftsf\u00fchrerin: Katharina K\u00f6glberger<\/p><p>Tel.: 06607576161<\/p><p><a href=\"mailto:hello[AT]cyclebee[PUNKT]app\">hello[AT]cyclebee[PUNKT]app<\/a><\/p><h2>2. Personenbezogene Daten<\/h2><p>cyclebee verarbeitet personenbezogene Daten, welche im Rahmen einer Gesch\u00e4ftsbeziehung von den Gesch\u00e4ftspartnern ( darunter sind auch Kunden, Lieferanten und sonstige Personen zu verstehen, die mit cyclebee in einer Gesch\u00e4ftsbeziehung stehen bzw. diese anbahnen) erhoben oder \u00fcbermittelt werden. Folgende Kategorien personenbezogener Daten sind \u2013 je nach Vertrag \u2013 Gegenstand der Verarbeitung:<\/p><ul><li>Bestandsdaten (z.B. Namen, Adressen).<\/li><li>Kontaktdaten (z.B. E-Mail, Telefonnummern).<\/li><li>Inhaltsdaten (z.B. Texteingaben, Fotografien, Videos).<\/li><li>Nutzungsdaten (z.B. besuchte Webseiten, Interesse an Inhalten, Zugriffszeiten).<\/li><li>Meta-\/Kommunikationsdaten (z.B. Ger\u00e4te-Informationen, IP-Adressen).<\/li><\/ul><h2>3. Zweck und Rechtm\u00e4\u00dfigkeit<\/h2><p>cyclebee GmbH verarbeitet personenbezogene Daten zur Erbringung von Dienstleistungen und Software-Entwicklung rund um das Thema der Radfahren und Radreisen. \u00a0Dabei kommen folgende Rechtsgrundlagen in Betracht:<\/p><h3>3.1 Erf\u00fcllung vertraglicher Pflichten sowie vorvertraglicher Ma\u00dfnahmen gem\u00e4\u00df Art 6 Abs 1 lit b DSGVO<\/h3><p>Um unsere vertraglichen oder vorvertraglichen Leistungen gegen\u00fcber unseren Gesch\u00e4ftspartnern erbringen zu k\u00f6nnen, ist die Verarbeitung personenbezogener Daten erforderlich. Sollten Sie uns die Daten nicht zur Verf\u00fcgung stellen wollen, kann der Abschluss des Vertrages oder die Ausf\u00fchrung des Vertrages oder der vorvertraglichen Leistung unter Umst\u00e4nden unm\u00f6glich sein. Ein bestehender Vertrag kann unter diesen Umst\u00e4nden nicht mehr durchgef\u00fchrt und muss eventuell beendet werden. Den Umfang und den konkreten Zweck der Datenverarbeitung entnehmen Sie bitte den einzelnen Vertr\u00e4gen. Sofern Sie sich als Testperson registriert haben, erfolgt dies ausschlie\u00dflich um Sie bei k\u00fcnftigen Tests zu kontaktieren. Ihre Daten werden in diesem Fall nach 24 Monaten gel\u00f6scht.<\/p><h3>3.2 Wahrung berechtigter Interessen nach Art 6 Abs 1 lit f DSGVO<\/h3><p>cyclebee verarbeitet Ihre Daten im Rahmen der gew\u00f6hnlichen Gesch\u00e4ftsgebarung des Unternehmens (z.B. Rechnungswesen, Controlling) auf Grundlage des berechtigten Interesses an einer ordnungsgem\u00e4\u00dfen und effizienten Gesch\u00e4ftsgebarung sowie zur Prozess- und der Gesch\u00e4ftsoptimierung)<\/p><h3>3.3 Einwilligung nach Art 6 Abs 1 lit a DSGVO<\/h3><p>Sofern eine Verarbeitung personenbezogener Daten \u00fcber vertragliche oder rechtliche Verpflichtungen sowie ein berechtigtes Interesse hinausgeht, holt cyclebee die Einwilligung der Gesch\u00e4ftspartner ein, beispielsweise f\u00fcr die Zusendung unseres Newsletters. Im Falle der Einwilligung erfolgt die Verarbeitung der Daten ausschlie\u00dflich zum angef\u00fchrten Zweck. Eine erteilte Einwilligung kann jederzeit widerrufen werden. Der Widerruf kann sowohl schriftlich als auch m\u00fcndlich erteilt werden: ua. an <a href=\"mailto:hello[AT]cyclebee[PUNKT]app\">hello[AT]cyclebee[PUNKT]app<\/a><\/p><h2>4. Empf\u00e4nger<\/h2><p>Empf\u00e4nger der personenbezogenen Daten sind Gr\u00fcnder und Mitarbeiter von cyclebee (z.B IT-Betreuer, Support, Marketing, Logistik, Rechnungswesen), die diese entsprechend des Verwendungszweckes und der Rechtsgrundlage verarbeiten.<br \/>Je nach Zweck der Verarbeitung gibt cyclebee Daten an von ihr beauftragte Auftragsverarbeiter (eventuell Insbesondere Newsletter-Dienstleister, Dienstleister f\u00fcr Online-Zahlungsabwicklung und Logistikpartner) weiter, sofern wir dies zur Erf\u00fcllung der jeweiligen Aufgabe ben\u00f6tigen. cyclebee achtet bei der Auswahl ihrer Auftragsverarbeiter auf die Einhaltung der datenschutzrechtlichen Bestimmungen. Es werden mit den Auftragsverarbeitern Vereinbarungen getroffen, die sicherstellen, dass die personenbezogenen Daten vertraulich und sorgf\u00e4ltig verarbeitet werden. Die erhobenen Daten werden nicht verkauft oder unbegr\u00fcndet an unbeteiligte Dritte weitergegeben. Abh\u00e4ngig vom abgeschlossenen Vertrag kann eine Weiterleitung der Daten an Dritte erforderlich sein.<\/p><h2>5. Speicherdauer<\/h2><p>Wir werden Ihre Daten grunds\u00e4tzlich nur so lange aufbewahren, wie dies zur Verarbeitung auf Basis des jeweiligen Zwecks und der jeweiligen Rechtsgrundlage notwendig und nach dem anwendbaren Recht zul\u00e4ssig ist. Ihre personenbezogenen Daten, welche Sie uns im Rahmen der Kontaktaufnahme bekannt geben, werden so lange gespeichert, wie dies zur Beantwortung der jeweiligen Anfrage notwendig ist.<\/p><h2>6. Betroffenenrechte<\/h2><p>Ihnen stehen grunds\u00e4tzlich folgende Rechte zu:<\/p><ul><li>Auskunft gem\u00e4\u00df Art 15 DSGVO<\/li><li>Berichtigung gem\u00e4\u00df Art 16 DSGVO<\/li><li>L\u00f6schung gem\u00e4\u00df Art 17 DSGVO<\/li><li>Einschr\u00e4nkung gem\u00e4\u00df Art 18 DSGVO<\/li><li>Daten\u00fcbertragbarkeit gem\u00e4\u00df Art 20 DSGVO und<\/li><li>Widerspruch gem\u00e4\u00df Art 21 DSGVO<\/li><\/ul><p>Erfolgt die Verarbeitung Ihrer personenbezogenen Daten aufgrund Ihrer Einwilligung haben Sie jederzeit das Recht, diese Einwilligung mit sofortiger Wirkung zu widerrufen. Die Rechtm\u00e4\u00dfigkeit der Verarbeitung Ihrer personenbezogenen Daten bis zum Widerruf wird durch den Widerruf nicht ber\u00fchrt.<\/p><p>Dar\u00fcber hinaus steht Ihnen ein Beschwerderecht bei der Datenschutzbeh\u00f6rde zu:<\/p><p>\u00d6sterreichische Datenschutzbeh\u00f6rde<br \/>Wickenburggasse 8-10<br \/>1080 Wien<br \/>\u00d6sterreich<br \/>dsb@dsb.gv.at<\/p><h2>7. Webseite &#8211; Personenbezogene Daten<\/h2><p>Im Rahmen Ihres Besuches unserer Webseite verarbeiten wir potentiell folgende personenbezogenen Daten:<\/p><ul><li>Datum und Uhrzeit des Aufrufs der Webseite<\/li><li>Ihre IP-Adresse<\/li><li>Name und Version Ihres Web-Browsers<\/li><li>die Webseite (URL), welche Sie vor Aufruf unserer Webseite<\/li><li>besucht haben<\/li><li>bestimmte Cookies<\/li><\/ul><h2>Nutzung von Cookies<\/h2><p>Wir verwenden Cookies, um Inhalte und Anzeigen zu personalisieren, Funktionen f\u00fcr soziale Medien anbieten zu k\u00f6nnen und die Zugriffe auf unserer Website zu analysieren. Au\u00dferdem geben wir Informationen zu Ihrer Verwendung unserer Website an unsere Partner f\u00fcr soziale Medien, Werbung und Analysen weiter. Unsere Partner f\u00fchren diese Informationen m\u00f6glicherweise mit weiteren Daten zusammen, die Sie ihnen bereitgestellt haben oder die sie im Rahmen Ihrer Nutzung der Dienste gesammelt haben. Des Weiteren findet eine Verarbeitung und Verwendung der Cookies durch Drittanbieter in den USA statt. Es liegt kein Beschluss der Europ\u00e4ischen Kommission und keine Bescheinigung vom EuGH vor, dass es in den USA ein angemessenes Datenschutzniveau gibt. Dar\u00fcber hinaus wird von den USA keine Sicherheit f\u00fcr den Schutz personenbezogener Daten garantiert. Daher besteht die M\u00f6glichkeit, dass personenbezogene Daten zu Kontroll- und \u00dcberwachungszwecken durch Beh\u00f6rden herangezogen werden. Gegen diesen Datenzugriff gibt es keine wirksamen rechtlichen Mittel.<\/p><p>[borlabs-cookie type=&#8220;btn-cookie-preference&#8220; title=&#8220;Cookie Einstellungen \u00e4ndern&#8220; element=&#8220;link&#8220;\/]<\/p><h2>9. Sensible Daten<\/h2><p>Sensible Daten (z.B. Standort-, Navigations-, Gesundheits- und Leistungsdaten) die in die cyclebee App eingegeben und einem Benutzer zugeordnet werden k\u00f6nnen, werden f\u00fcr interne Analysezwecke und zur \u00dcberwachung der Funktionalit\u00e4t der App gespeichert. Diese vertraulichen Daten werden nicht an Dritte weitergegeben.<\/p><h2>10. Nutzungsdaten<\/h2><p>Nutzungsdaten werden in der cyclebee App im Falle einer Kundenanfrage generiert und nur f\u00fcr interne Analysezwecke und zur \u00dcberwachung der Funktionalit\u00e4t der App gespeichert. Diese Nutzungsdaten werden nicht an Dritte weitergegeben.<\/p><h2>11. L\u00f6schen des Accounts<\/h2><p>Wenn Sie den Account l\u00f6schen wollen, verwenden Sie bitte die \u201cKontakt Support\u201d Funktion im Men\u00fc der cyclebee App und benachrichtigen Sie uns, dass Sie den Account l\u00f6schen m\u00f6chten. Ihr Account wird von uns innerhalb von 2 Werktagen gel\u00f6scht.<\/p><h2>12. Vertraulichkeit<\/h2><p>S\u00e4mtliche Mitarbeiter von cyclebee wurden der Verschwiegenheit \u00fcber die Ihnen im Rahmen ihrer T\u00e4tigkeit anvertrauten oder bekannt gewordenen Informationen unterworfen.<\/p><h2>13. Datensicherheit<\/h2><p>Datensicherheit ist uns ein gro\u00dfes Anliegen. cyclebee hat alle erforderlichen technischen und organisatorischen Ma\u00dfnahmen getroffen, um die Sicherheit der Datenverarbeitung zu gew\u00e4hrleisten und die personenbezogenen Daten so zu verarbeiten, dass sie vor Zugriffen durch unbefugte Dritte gesch\u00fctzt sind. Die IT-Infrastruktur von cyclebee entspricht den g\u00e4ngigen Sicherheitsanforderungen und wird regelm\u00e4\u00dfig \u00fcberpr\u00fcft.<br \/>Die HTTP-Verbindung zwischen APP und Backend Server ist mit dem TLS-Verfahren verschl\u00fcsselt. Der Server steht in Europa und wird von Contabo GmbH gehostet.<br \/><br \/><\/p>\t\t\t\t\t\t\t\t<\/div>\n\t\t\t\t<\/div>\n\t\t\t\t\t<\/div>\n\t\t<\/div>\n\t\t\t\t\t<\/div>\n\t\t<\/section>\n\t\t\t\t<\/div>","protected":false},"excerpt":{"rendered":"<p>Datenschutzerkl\u00e4rung Als Dienstleister im Bereich IT-Software f\u00fcr Radreisende nimmt die cyclebee GmbH den Schutz Ihrer personenbezogenen Daten sehr ernst. Personenbezogene Daten werden von uns nur im hier dargestellten Umfang und gem\u00e4\u00df der Datenschutzgrundverordnung erhoben und verarbeitet. Das folgende Dokument beschreibt zusammenfassend, wie wir diesen Schutz gew\u00e4hrleisten, welche Daten zu welchem Zweck erhoben, und wie diese [&hellip;]<\/p>","protected":false},"author":1,"featured_media":0,"parent":0,"menu_order":21,"comment_status":"closed","ping_status":"closed","template":"","meta":{"footnotes":""},"class_list":["post-5","page","type-page","status-publish","hentry"],"yoast_head":"<!-- This site is optimized with the Yoast SEO plugin v26.8 - https:\/\/yoast.com\/product\/yoast-seo-wordpress\/ -->\n<title>Datenschutz - cyclebee<\/title>\n<meta name=\"robots\" content=\"index, follow, max-snippet:-1, max-image-preview:large, max-video-preview:-1\" \/>\n<link rel=\"canonical\" href=\"https:\/\/cyclebee.app\/en\/datenschutz\/\" \/>\n<meta property=\"og:locale\" content=\"en_GB\" \/>\n<meta property=\"og:type\" content=\"article\" \/>\n<meta property=\"og:title\" content=\"Datenschutz - cyclebee\" \/>\n<meta property=\"og:description\" content=\"Datenschutzerkl\u00e4rung Als Dienstleister im Bereich IT-Software f\u00fcr Radreisende nimmt die cyclebee GmbH den Schutz Ihrer personenbezogenen Daten sehr ernst. Personenbezogene Daten werden von uns nur im hier dargestellten Umfang und gem\u00e4\u00df der Datenschutzgrundverordnung erhoben und verarbeitet. Das folgende Dokument beschreibt zusammenfassend, wie wir diesen Schutz gew\u00e4hrleisten, welche Daten zu welchem Zweck erhoben, und wie diese [&hellip;]\" \/>\n<meta property=\"og:url\" content=\"https:\/\/cyclebee.app\/en\/datenschutz\/\" \/>\n<meta property=\"og:site_name\" content=\"cyclebee\" \/>\n<meta property=\"article:modified_time\" content=\"2023-11-20T12:34:35+00:00\" \/>\n<meta name=\"twitter:card\" content=\"summary_large_image\" \/>\n<meta name=\"twitter:label1\" content=\"Estimated reading time\" \/>\n\t<meta name=\"twitter:data1\" content=\"7 minutes\" \/>\n<script type=\"application\/ld+json\" class=\"yoast-schema-graph\">{\"@context\":\"https:\/\/schema.org\",\"@graph\":[{\"@type\":\"WebPage\",\"@id\":\"https:\/\/cyclebee.app\/datenschutz\/\",\"url\":\"https:\/\/cyclebee.app\/datenschutz\/\",\"name\":\"Datenschutz - cyclebee\",\"isPartOf\":{\"@id\":\"https:\/\/cyclebee.app\/#website\"},\"datePublished\":\"2021-04-27T19:06:40+00:00\",\"dateModified\":\"2023-11-20T12:34:35+00:00\",\"breadcrumb\":{\"@id\":\"https:\/\/cyclebee.app\/datenschutz\/#breadcrumb\"},\"inLanguage\":\"en-GB\",\"potentialAction\":[{\"@type\":\"ReadAction\",\"target\":[\"https:\/\/cyclebee.app\/datenschutz\/\"]}]},{\"@type\":\"BreadcrumbList\",\"@id\":\"https:\/\/cyclebee.app\/datenschutz\/#breadcrumb\",\"itemListElement\":[{\"@type\":\"ListItem\",\"position\":1,\"name\":\"Home\",\"item\":\"https:\/\/cyclebee.app\/\"},{\"@type\":\"ListItem\",\"position\":2,\"name\":\"Datenschutz\"}]},{\"@type\":\"WebSite\",\"@id\":\"https:\/\/cyclebee.app\/#website\",\"url\":\"https:\/\/cyclebee.app\/\",\"name\":\"cyclebee - Radreise-App\",\"description\":\"gemeinsam einfach radreisen\",\"publisher\":{\"@id\":\"https:\/\/cyclebee.app\/#organization\"},\"potentialAction\":[{\"@type\":\"SearchAction\",\"target\":{\"@type\":\"EntryPoint\",\"urlTemplate\":\"https:\/\/cyclebee.app\/?s={search_term_string}\"},\"query-input\":{\"@type\":\"PropertyValueSpecification\",\"valueRequired\":true,\"valueName\":\"search_term_string\"}}],\"inLanguage\":\"en-GB\"},{\"@type\":\"Organization\",\"@id\":\"https:\/\/cyclebee.app\/#organization\",\"name\":\"cyclebee\",\"url\":\"https:\/\/cyclebee.app\/\",\"logo\":{\"@type\":\"ImageObject\",\"inLanguage\":\"en-GB\",\"@id\":\"https:\/\/cyclebee.app\/#\/schema\/logo\/image\/\",\"url\":\"https:\/\/cyclebee.app\/wp-content\/uploads\/2021\/04\/logoblack.png\",\"contentUrl\":\"https:\/\/cyclebee.app\/wp-content\/uploads\/2021\/04\/logoblack.png\",\"width\":505,\"height\":128,\"caption\":\"cyclebee\"},\"image\":{\"@id\":\"https:\/\/cyclebee.app\/#\/schema\/logo\/image\/\"}}]}<\/script>\n<!-- \/ Yoast SEO plugin. -->","yoast_head_json":{"title":"Datenschutz - cyclebee","robots":{"index":"index","follow":"follow","max-snippet":"max-snippet:-1","max-image-preview":"max-image-preview:large","max-video-preview":"max-video-preview:-1"},"canonical":"https:\/\/cyclebee.app\/en\/datenschutz\/","og_locale":"en_GB","og_type":"article","og_title":"Datenschutz - cyclebee","og_description":"Datenschutzerkl\u00e4rung Als Dienstleister im Bereich IT-Software f\u00fcr Radreisende nimmt die cyclebee GmbH den Schutz Ihrer personenbezogenen Daten sehr ernst. Personenbezogene Daten werden von uns nur im hier dargestellten Umfang und gem\u00e4\u00df der Datenschutzgrundverordnung erhoben und verarbeitet. Das folgende Dokument beschreibt zusammenfassend, wie wir diesen Schutz gew\u00e4hrleisten, welche Daten zu welchem Zweck erhoben, und wie diese [&hellip;]","og_url":"https:\/\/cyclebee.app\/en\/datenschutz\/","og_site_name":"cyclebee","article_modified_time":"2023-11-20T12:34:35+00:00","twitter_card":"summary_large_image","twitter_misc":{"Estimated reading time":"7 minutes"},"schema":{"@context":"https:\/\/schema.org","@graph":[{"@type":"WebPage","@id":"https:\/\/cyclebee.app\/datenschutz\/","url":"https:\/\/cyclebee.app\/datenschutz\/","name":"Datenschutz - cyclebee","isPartOf":{"@id":"https:\/\/cyclebee.app\/#website"},"datePublished":"2021-04-27T19:06:40+00:00","dateModified":"2023-11-20T12:34:35+00:00","breadcrumb":{"@id":"https:\/\/cyclebee.app\/datenschutz\/#breadcrumb"},"inLanguage":"en-GB","potentialAction":[{"@type":"ReadAction","target":["https:\/\/cyclebee.app\/datenschutz\/"]}]},{"@type":"BreadcrumbList","@id":"https:\/\/cyclebee.app\/datenschutz\/#breadcrumb","itemListElement":[{"@type":"ListItem","position":1,"name":"Home","item":"https:\/\/cyclebee.app\/"},{"@type":"ListItem","position":2,"name":"Datenschutz"}]},{"@type":"WebSite","@id":"https:\/\/cyclebee.app\/#website","url":"https:\/\/cyclebee.app\/","name":"cyclebee - Radreise-App","description":"gemeinsam einfach radreisen","publisher":{"@id":"https:\/\/cyclebee.app\/#organization"},"potentialAction":[{"@type":"SearchAction","target":{"@type":"EntryPoint","urlTemplate":"https:\/\/cyclebee.app\/?s={search_term_string}"},"query-input":{"@type":"PropertyValueSpecification","valueRequired":true,"valueName":"search_term_string"}}],"inLanguage":"en-GB"},{"@type":"Organization","@id":"https:\/\/cyclebee.app\/#organization","name":"cyclebee","url":"https:\/\/cyclebee.app\/","logo":{"@type":"ImageObject","inLanguage":"en-GB","@id":"https:\/\/cyclebee.app\/#\/schema\/logo\/image\/","url":"https:\/\/cyclebee.app\/wp-content\/uploads\/2021\/04\/logoblack.png","contentUrl":"https:\/\/cyclebee.app\/wp-content\/uploads\/2021\/04\/logoblack.png","width":505,"height":128,"caption":"cyclebee"},"image":{"@id":"https:\/\/cyclebee.app\/#\/schema\/logo\/image\/"}}]}},"_links":{"self":[{"href":"https:\/\/cyclebee.app\/en\/wp-json\/wp\/v2\/pages\/5","targetHints":{"allow":["GET"]}}],"collection":[{"href":"https:\/\/cyclebee.app\/en\/wp-json\/wp\/v2\/pages"}],"about":[{"href":"https:\/\/cyclebee.app\/en\/wp-json\/wp\/v2\/types\/page"}],"author":[{"embeddable":true,"href":"https:\/\/cyclebee.app\/en\/wp-json\/wp\/v2\/users\/1"}],"replies":[{"embeddable":true,"href":"https:\/\/cyclebee.app\/en\/wp-json\/wp\/v2\/comments?post=5"}],"version-history":[{"count":27,"href":"https:\/\/cyclebee.app\/en\/wp-json\/wp\/v2\/pages\/5\/revisions"}],"predecessor-version":[{"id":3574,"href":"https:\/\/cyclebee.app\/en\/wp-json\/wp\/v2\/pages\/5\/revisions\/3574"}],"wp:attachment":[{"href":"https:\/\/cyclebee.app\/en\/wp-json\/wp\/v2\/media?parent=5"}],"curies":[{"name":"wp","href":"https:\/\/api.w.org\/{rel}","templated":true}]}}