{"id":3001,"date":"2023-09-12T09:14:39","date_gmt":"2023-09-12T07:14:39","guid":{"rendered":"https:\/\/cyclebee.app\/?page_id=3001"},"modified":"2023-09-13T13:06:53","modified_gmt":"2023-09-13T11:06:53","slug":"nachhaltiger-tourismus","status":"publish","type":"page","link":"https:\/\/cyclebee.app\/en\/tourismus\/nachhaltiger-tourismus\/","title":{"rendered":"Nachhaltiger Tourismus"},"content":{"rendered":"<div data-elementor-type=\"wp-page\" data-elementor-id=\"3001\" class=\"elementor elementor-3001\" data-elementor-post-type=\"page\">\n\t\t\t\t\t\t<section class=\"elementor-section elementor-top-section elementor-element elementor-element-effb79a elementor-section-boxed elementor-section-height-default elementor-section-height-default\" data-id=\"effb79a\" data-element_type=\"section\" data-settings=\"{&quot;jet_parallax_layout_list&quot;:[{&quot;jet_parallax_layout_image&quot;:{&quot;url&quot;:&quot;&quot;,&quot;id&quot;:&quot;&quot;,&quot;size&quot;:&quot;&quot;},&quot;_id&quot;:&quot;9964626&quot;,&quot;jet_parallax_layout_image_tablet&quot;:{&quot;url&quot;:&quot;&quot;,&quot;id&quot;:&quot;&quot;,&quot;size&quot;:&quot;&quot;},&quot;jet_parallax_layout_image_mobile&quot;:{&quot;url&quot;:&quot;&quot;,&quot;id&quot;:&quot;&quot;,&quot;size&quot;:&quot;&quot;},&quot;jet_parallax_layout_speed&quot;:{&quot;unit&quot;:&quot;%&quot;,&quot;size&quot;:50,&quot;sizes&quot;:[]},&quot;jet_parallax_layout_type&quot;:&quot;scroll&quot;,&quot;jet_parallax_layout_direction&quot;:&quot;1&quot;,&quot;jet_parallax_layout_fx_direction&quot;:null,&quot;jet_parallax_layout_z_index&quot;:&quot;&quot;,&quot;jet_parallax_layout_bg_x&quot;:50,&quot;jet_parallax_layout_bg_x_tablet&quot;:&quot;&quot;,&quot;jet_parallax_layout_bg_x_mobile&quot;:&quot;&quot;,&quot;jet_parallax_layout_bg_y&quot;:50,&quot;jet_parallax_layout_bg_y_tablet&quot;:&quot;&quot;,&quot;jet_parallax_layout_bg_y_mobile&quot;:&quot;&quot;,&quot;jet_parallax_layout_bg_size&quot;:&quot;auto&quot;,&quot;jet_parallax_layout_bg_size_tablet&quot;:&quot;&quot;,&quot;jet_parallax_layout_bg_size_mobile&quot;:&quot;&quot;,&quot;jet_parallax_layout_animation_prop&quot;:&quot;transform&quot;,&quot;jet_parallax_layout_on&quot;:[&quot;desktop&quot;,&quot;tablet&quot;]}]}\">\n\t\t\t\t\t\t<div class=\"elementor-container elementor-column-gap-default\">\n\t\t\t\t\t<div class=\"elementor-column elementor-col-100 elementor-top-column elementor-element elementor-element-0ccd2d9\" data-id=\"0ccd2d9\" data-element_type=\"column\">\n\t\t\t<div class=\"elementor-widget-wrap elementor-element-populated\">\n\t\t\t\t\t\t<div class=\"elementor-element elementor-element-f7574f9 elementor-widget elementor-widget-heading\" data-id=\"f7574f9\" data-element_type=\"widget\" data-widget_type=\"heading.default\">\n\t\t\t\t<div class=\"elementor-widget-container\">\n\t\t\t\t\t<h1 class=\"elementor-heading-title elementor-size-default\">Nachhaltiger \nTourismus als Motor \nf\u00fcr die regionale Entwicklung<\/h1>\t\t\t\t<\/div>\n\t\t\t\t<\/div>\n\t\t\t\t<div class=\"elementor-element elementor-element-d13369e elementor-widget-divider--view-line elementor-widget elementor-widget-divider\" data-id=\"d13369e\" data-element_type=\"widget\" data-widget_type=\"divider.default\">\n\t\t\t\t<div class=\"elementor-widget-container\">\n\t\t\t\t\t\t\t<div class=\"elementor-divider\">\n\t\t\t<span class=\"elementor-divider-separator\">\n\t\t\t\t\t\t<\/span>\n\t\t<\/div>\n\t\t\t\t\t\t<\/div>\n\t\t\t\t<\/div>\n\t\t\t\t<div class=\"elementor-element elementor-element-106c677 elementor-widget elementor-widget-heading\" data-id=\"106c677\" data-element_type=\"widget\" data-widget_type=\"heading.default\">\n\t\t\t\t<div class=\"elementor-widget-container\">\n\t\t\t\t\t<h2 class=\"elementor-heading-title elementor-size-default\">Die Vorteile im \u00dcberblick<\/h2>\t\t\t\t<\/div>\n\t\t\t\t<\/div>\n\t\t\t\t<div class=\"elementor-element elementor-element-747661e elementor-widget elementor-widget-heading\" data-id=\"747661e\" data-element_type=\"widget\" data-widget_type=\"heading.default\">\n\t\t\t\t<div class=\"elementor-widget-container\">\n\t\t\t\t\t<h2 class=\"elementor-heading-title elementor-size-default\">Die Zukunft des Reisens.<\/h2>\t\t\t\t<\/div>\n\t\t\t\t<\/div>\n\t\t\t\t<div class=\"elementor-element elementor-element-e0a2081 elementor-widget elementor-widget-text-editor\" data-id=\"e0a2081\" data-element_type=\"widget\" data-widget_type=\"text-editor.default\">\n\t\t\t\t<div class=\"elementor-widget-container\">\n\t\t\t\t\t\t\t\t\t<p>Der Tourismus der Zukunft ist nachhaltig. Modernes Reisen steht f\u00fcr langfristige \u00f6kologische, \u00f6konomische und soziale Vertr\u00e4glichkeit &#8211; nur so entsteht echter Mehrwert f\u00fcr alle Beteiligten.<\/p>\t\t\t\t\t\t\t\t<\/div>\n\t\t\t\t<\/div>\n\t\t\t\t\t<\/div>\n\t\t<\/div>\n\t\t\t\t\t<\/div>\n\t\t<\/section>\n\t\t\t\t<section class=\"elementor-section elementor-top-section elementor-element elementor-element-5300f47 elementor-section-boxed elementor-section-height-default elementor-section-height-default\" data-id=\"5300f47\" data-element_type=\"section\" data-settings=\"{&quot;jet_parallax_layout_list&quot;:[],&quot;background_background&quot;:&quot;classic&quot;}\">\n\t\t\t\t\t\t<div class=\"elementor-container elementor-column-gap-default\">\n\t\t\t\t\t<div class=\"elementor-column elementor-col-50 elementor-top-column elementor-element elementor-element-4ff9c7e\" data-id=\"4ff9c7e\" data-element_type=\"column\">\n\t\t\t<div class=\"elementor-widget-wrap elementor-element-populated\">\n\t\t\t\t\t\t<div class=\"elementor-element elementor-element-3b8140c elementor-widget elementor-widget-heading\" data-id=\"3b8140c\" data-element_type=\"widget\" data-widget_type=\"heading.default\">\n\t\t\t\t<div class=\"elementor-widget-container\">\n\t\t\t\t\t<h2 class=\"elementor-heading-title elementor-size-default\">Radfahren als nachhaltige Alternative im Tourismus<\/h2>\t\t\t\t<\/div>\n\t\t\t\t<\/div>\n\t\t\t\t<div class=\"elementor-element elementor-element-5bd525a elementor-widget elementor-widget-text-editor\" data-id=\"5bd525a\" data-element_type=\"widget\" data-widget_type=\"text-editor.default\">\n\t\t\t\t<div class=\"elementor-widget-container\">\n\t\t\t\t\t\t\t\t\t<p>Immer mehr Menschen entscheiden sich f\u00fcr einen umweltfreundlichen Urlaub und setzen dabei auf das Fahrrad.<\/p><p>Radtourismus ist nicht nur eine gesunde Freizeitaktivit\u00e4t, sondern auch eine nachhaltige Alternative zum Auto- oder Flugverkehr. Dabei schont der Radtourismus nicht nur die Umwelt, sondern bietet auch zahlreiche Vorteile f\u00fcr die regionale Entwicklung.<\/p>\t\t\t\t\t\t\t\t<\/div>\n\t\t\t\t<\/div>\n\t\t\t\t\t<\/div>\n\t\t<\/div>\n\t\t\t\t<div class=\"elementor-column elementor-col-50 elementor-top-column elementor-element elementor-element-f4fb423\" data-id=\"f4fb423\" data-element_type=\"column\">\n\t\t\t<div class=\"elementor-widget-wrap elementor-element-populated\">\n\t\t\t\t\t\t<div class=\"elementor-element elementor-element-18bca7e elementor-widget elementor-widget-image\" data-id=\"18bca7e\" data-element_type=\"widget\" data-widget_type=\"image.default\">\n\t\t\t\t<div class=\"elementor-widget-container\">\n\t\t\t\t\t\t\t\t\t\t\t\t\t\t\t<img fetchpriority=\"high\" decoding=\"async\" width=\"908\" height=\"215\" src=\"https:\/\/cyclebee.app\/wp-content\/uploads\/2023\/09\/grafiknachhaltigertourismus-e1694503132244.png\" class=\"attachment-full size-full wp-image-3003\" alt=\"\" srcset=\"https:\/\/cyclebee.app\/wp-content\/uploads\/2023\/09\/grafiknachhaltigertourismus-e1694503132244.png 908w, https:\/\/cyclebee.app\/wp-content\/uploads\/2023\/09\/grafiknachhaltigertourismus-e1694503132244-300x71.png 300w, https:\/\/cyclebee.app\/wp-content\/uploads\/2023\/09\/grafiknachhaltigertourismus-e1694503132244-768x182.png 768w\" sizes=\"(max-width: 908px) 100vw, 908px\" \/>\t\t\t\t\t\t\t\t\t\t\t\t\t\t\t<\/div>\n\t\t\t\t<\/div>\n\t\t\t\t\t<\/div>\n\t\t<\/div>\n\t\t\t\t\t<\/div>\n\t\t<\/section>\n\t\t\t\t<section class=\"elementor-section elementor-top-section elementor-element elementor-element-6c42332 elementor-section-boxed elementor-section-height-default elementor-section-height-default\" data-id=\"6c42332\" data-element_type=\"section\" data-settings=\"{&quot;jet_parallax_layout_list&quot;:[],&quot;background_background&quot;:&quot;classic&quot;}\">\n\t\t\t\t\t\t<div class=\"elementor-container elementor-column-gap-default\">\n\t\t\t\t\t<div class=\"elementor-column elementor-col-50 elementor-top-column elementor-element elementor-element-62e1b0e\" data-id=\"62e1b0e\" data-element_type=\"column\">\n\t\t\t<div class=\"elementor-widget-wrap elementor-element-populated\">\n\t\t\t\t\t\t<div class=\"elementor-element elementor-element-143a405 elementor-widget elementor-widget-image\" data-id=\"143a405\" data-element_type=\"widget\" data-widget_type=\"image.default\">\n\t\t\t\t<div class=\"elementor-widget-container\">\n\t\t\t\t\t\t\t\t\t\t\t\t\t\t\t<img decoding=\"async\" width=\"1080\" height=\"1080\" src=\"https:\/\/cyclebee.app\/wp-content\/uploads\/2023\/09\/vorteileradtourismus.png\" class=\"attachment-full size-full wp-image-3004\" alt=\"\" srcset=\"https:\/\/cyclebee.app\/wp-content\/uploads\/2023\/09\/vorteileradtourismus.png 1080w, https:\/\/cyclebee.app\/wp-content\/uploads\/2023\/09\/vorteileradtourismus-300x300.png 300w, https:\/\/cyclebee.app\/wp-content\/uploads\/2023\/09\/vorteileradtourismus-1024x1024.png 1024w, https:\/\/cyclebee.app\/wp-content\/uploads\/2023\/09\/vorteileradtourismus-150x150.png 150w, https:\/\/cyclebee.app\/wp-content\/uploads\/2023\/09\/vorteileradtourismus-768x768.png 768w\" sizes=\"(max-width: 1080px) 100vw, 1080px\" \/>\t\t\t\t\t\t\t\t\t\t\t\t\t\t\t<\/div>\n\t\t\t\t<\/div>\n\t\t\t\t\t<\/div>\n\t\t<\/div>\n\t\t\t\t<div class=\"elementor-column elementor-col-50 elementor-top-column elementor-element elementor-element-a9e8e7c\" data-id=\"a9e8e7c\" data-element_type=\"column\">\n\t\t\t<div class=\"elementor-widget-wrap elementor-element-populated\">\n\t\t\t\t\t\t<div class=\"elementor-element elementor-element-d194f4d elementor-widget elementor-widget-heading\" data-id=\"d194f4d\" data-element_type=\"widget\" data-widget_type=\"heading.default\">\n\t\t\t\t<div class=\"elementor-widget-container\">\n\t\t\t\t\t<h2 class=\"elementor-heading-title elementor-size-default\">Geringe Infrastrukturkosten und hohe Empfehlungsraten.<\/h2>\t\t\t\t<\/div>\n\t\t\t\t<\/div>\n\t\t\t\t<div class=\"elementor-element elementor-element-a0e8035 elementor-widget elementor-widget-text-editor\" data-id=\"a0e8035\" data-element_type=\"widget\" data-widget_type=\"text-editor.default\">\n\t\t\t\t<div class=\"elementor-widget-container\">\n\t\t\t\t\t\t\t\t\t<p>Im Vergleich zu anderen touristischen Angeboten sind die Kosten f\u00fcr den Ausbau und die Instandhaltung von Radwegen und deren Beschilderung gering. Gleichzeitig haben gut ausgebaute Radwege hohe Empfehlungsraten bei Tourist:innen und ebenso bei Tagesausfl\u00fcgler:innen aus der Region. Dadurch steigt nicht nur das touristische Angebot in der Region, sondern es werden auch neue Arbeitspl\u00e4tze geschaffen.<\/p>\n<p><\/p>\n<p>In unseren Angeboten bauen wir von cyclebee auf bereits vorhandenen Daten und Schnittstellen auf und sparen somit zus\u00e4tzliche Ressourcen. <a href=\"https:\/\/cyclebee.app\/en\/tourismus\/tourismus-angebote\/\">Weitere Infos zu unseren Angeboten.<\/a><\/p>\t\t\t\t\t\t\t\t<\/div>\n\t\t\t\t<\/div>\n\t\t\t\t\t<\/div>\n\t\t<\/div>\n\t\t\t\t\t<\/div>\n\t\t<\/section>\n\t\t\t\t<section class=\"elementor-section elementor-top-section elementor-element elementor-element-2f7f13f elementor-section-boxed elementor-section-height-default elementor-section-height-default\" data-id=\"2f7f13f\" data-element_type=\"section\" data-settings=\"{&quot;jet_parallax_layout_list&quot;:[{&quot;jet_parallax_layout_image&quot;:{&quot;url&quot;:&quot;&quot;,&quot;id&quot;:&quot;&quot;,&quot;size&quot;:&quot;&quot;},&quot;_id&quot;:&quot;9964626&quot;,&quot;jet_parallax_layout_image_tablet&quot;:{&quot;url&quot;:&quot;&quot;,&quot;id&quot;:&quot;&quot;,&quot;size&quot;:&quot;&quot;},&quot;jet_parallax_layout_image_mobile&quot;:{&quot;url&quot;:&quot;&quot;,&quot;id&quot;:&quot;&quot;,&quot;size&quot;:&quot;&quot;},&quot;jet_parallax_layout_speed&quot;:{&quot;unit&quot;:&quot;%&quot;,&quot;size&quot;:50,&quot;sizes&quot;:[]},&quot;jet_parallax_layout_type&quot;:&quot;scroll&quot;,&quot;jet_parallax_layout_direction&quot;:&quot;1&quot;,&quot;jet_parallax_layout_fx_direction&quot;:null,&quot;jet_parallax_layout_z_index&quot;:&quot;&quot;,&quot;jet_parallax_layout_bg_x&quot;:50,&quot;jet_parallax_layout_bg_x_tablet&quot;:&quot;&quot;,&quot;jet_parallax_layout_bg_x_mobile&quot;:&quot;&quot;,&quot;jet_parallax_layout_bg_y&quot;:50,&quot;jet_parallax_layout_bg_y_tablet&quot;:&quot;&quot;,&quot;jet_parallax_layout_bg_y_mobile&quot;:&quot;&quot;,&quot;jet_parallax_layout_bg_size&quot;:&quot;auto&quot;,&quot;jet_parallax_layout_bg_size_tablet&quot;:&quot;&quot;,&quot;jet_parallax_layout_bg_size_mobile&quot;:&quot;&quot;,&quot;jet_parallax_layout_animation_prop&quot;:&quot;transform&quot;,&quot;jet_parallax_layout_on&quot;:[&quot;desktop&quot;,&quot;tablet&quot;]}],&quot;background_background&quot;:&quot;classic&quot;}\">\n\t\t\t\t\t\t<div class=\"elementor-container elementor-column-gap-default\">\n\t\t\t\t\t<div class=\"elementor-column elementor-col-100 elementor-top-column elementor-element elementor-element-963d44d\" data-id=\"963d44d\" data-element_type=\"column\">\n\t\t\t<div class=\"elementor-widget-wrap elementor-element-populated\">\n\t\t\t\t\t\t<div class=\"elementor-element elementor-element-b38f521 elementor-widget elementor-widget-heading\" data-id=\"b38f521\" data-element_type=\"widget\" data-widget_type=\"heading.default\">\n\t\t\t\t<div class=\"elementor-widget-container\">\n\t\t\t\t\t<h2 class=\"elementor-heading-title elementor-size-default\">Steigerung der Lebensqualit\u00e4t \nund Anziehungskraft f\u00fcr Fachkr\u00e4fte<\/h2>\t\t\t\t<\/div>\n\t\t\t\t<\/div>\n\t\t\t\t<div class=\"elementor-element elementor-element-9b5e3c8 elementor-widget elementor-widget-text-editor\" data-id=\"9b5e3c8\" data-element_type=\"widget\" data-widget_type=\"text-editor.default\">\n\t\t\t\t<div class=\"elementor-widget-container\">\n\t\t\t\t\t\t\t\t\t<p>Der Fachkr\u00e4ftemangel stellt den Tourismussektor vor eine gigantische Herausforderung. Betriebsschlie\u00dfungen wegen Personalmangel werden in Zukunft weiter zunehmen und Regionen zus\u00e4tzlich zum Handeln zwingen.<\/p><p>Neben den wirtschaftlichen Vorteilen tr\u00e4gt der Radtourismus auch zur Steigerung der Lebensqualit\u00e4t in der Region bei. Durch die Schaffung neuer Radwege wird einerseits die Infrastruktur verbessert und somit auch die Mobilit\u00e4t vor Ort erleichtert, andererseits bleibt das Landschaftsbild als Tourismusmagnet erhalten.<\/p><p>Dies kann dazu beitragen, dass sich mehr Menschen in der Region niederlassen und somit auch die Anziehungskraft f\u00fcr Fachkr\u00e4fte steigt.<\/p>\t\t\t\t\t\t\t\t<\/div>\n\t\t\t\t<\/div>\n\t\t\t\t\t<\/div>\n\t\t<\/div>\n\t\t\t\t\t<\/div>\n\t\t<\/section>\n\t\t\t\t<section class=\"elementor-section elementor-top-section elementor-element elementor-element-28a2323 elementor-section-boxed elementor-section-height-default elementor-section-height-default\" data-id=\"28a2323\" data-element_type=\"section\" data-settings=\"{&quot;jet_parallax_layout_list&quot;:[]}\">\n\t\t\t\t\t\t<div class=\"elementor-container elementor-column-gap-default\">\n\t\t\t\t\t<div class=\"elementor-column elementor-col-100 elementor-top-column elementor-element elementor-element-b74527f\" data-id=\"b74527f\" data-element_type=\"column\">\n\t\t\t<div class=\"elementor-widget-wrap elementor-element-populated\">\n\t\t\t\t\t\t<div class=\"elementor-element elementor-element-9b5b090 elementor-widget elementor-widget-text-editor\" data-id=\"9b5b090\" data-element_type=\"widget\" data-widget_type=\"text-editor.default\">\n\t\t\t\t<div class=\"elementor-widget-container\">\n\t\t\t\t\t\t\t\t\t<p>Quellen:\u00a0<\/p><ul><li data-list=\"bullet\"><a href=\"https:\/\/bw.tourismusnetzwerk.info\/wp-content\/uploads\/2021\/09\/Final_Gesamtbericht-inkl.-Abstract_Mai-2021.pdf\" target=\"_blank\" rel=\"noopener\">https:\/\/bw.tourismusnetzwerk.info\/wp-content\/uploads\/2021\/09\/Final_Gesamtbericht-inkl.-Abstract_Mai-2021.pdf<\/a><\/li><li data-list=\"bullet\"><a href=\"https:\/\/www.ruhr-tourismus.de\/wp-content\/uploads\/2023\/02\/5_RuhrtalRadweg_Radverkehrsuntersuchung-2022_Abschlussbericht.pdf\" target=\"_blank\" rel=\"noopener\">https:\/\/www.ruhr-tourismus.de\/wp-content\/uploads\/2023\/02\/5_RuhrtalRadweg_Radverkehrsuntersuchung-2022_Abschlussbericht.pdf<\/a><\/li><li data-list=\"bullet\"><a href=\"https:\/\/www.ruhr-tourismus.de\/wp-content\/uploads\/2023\/02\/1_Roemer-Lippe-Route_Radverkehrsuntersuchung-2022_Abschlussbericht.pdf\" target=\"_blank\" rel=\"noopener\">https:\/\/www.ruhr-tourismus.de\/wp-content\/uploads\/2023\/02\/1_Roemer-Lippe-Route_Radverkehrsuntersuchung-2022_Abschlussbericht.pdf<\/a><\/li><\/ul>\t\t\t\t\t\t\t\t<\/div>\n\t\t\t\t<\/div>\n\t\t\t\t\t<\/div>\n\t\t<\/div>\n\t\t\t\t\t<\/div>\n\t\t<\/section>\n\t\t\t\t<\/div>","protected":false},"excerpt":{"rendered":"<p>Nachhaltiger Tourismus als Motor f\u00fcr die regionale Entwicklung Die Vorteile im \u00dcberblick Die Zukunft des Reisens. Der Tourismus der Zukunft ist nachhaltig. Modernes Reisen steht f\u00fcr langfristige \u00f6kologische, \u00f6konomische und soziale Vertr\u00e4glichkeit &#8211; nur so entsteht echter Mehrwert f\u00fcr alle Beteiligten. Radfahren als nachhaltige Alternative im Tourismus Immer mehr Menschen entscheiden sich f\u00fcr einen umweltfreundlichen [&hellip;]<\/p>","protected":false},"author":1,"featured_media":0,"parent":2960,"menu_order":16,"comment_status":"closed","ping_status":"closed","template":"","meta":{"footnotes":""},"class_list":["post-3001","page","type-page","status-publish","hentry"],"yoast_head":"<!-- This site is optimized with the Yoast SEO plugin v26.8 - https:\/\/yoast.com\/product\/yoast-seo-wordpress\/ -->\n<title>Nachhaltiger Tourismus - cyclebee<\/title>\n<meta name=\"robots\" content=\"index, follow, max-snippet:-1, max-image-preview:large, max-video-preview:-1\" \/>\n<link rel=\"canonical\" href=\"https:\/\/cyclebee.app\/en\/tourismus\/nachhaltiger-tourismus\/\" \/>\n<meta property=\"og:locale\" content=\"en_GB\" \/>\n<meta property=\"og:type\" content=\"article\" \/>\n<meta property=\"og:title\" content=\"Nachhaltiger Tourismus - cyclebee\" \/>\n<meta property=\"og:description\" content=\"Nachhaltiger Tourismus als Motor f\u00fcr die regionale Entwicklung Die Vorteile im \u00dcberblick Die Zukunft des Reisens. Der Tourismus der Zukunft ist nachhaltig. Modernes Reisen steht f\u00fcr langfristige \u00f6kologische, \u00f6konomische und soziale Vertr\u00e4glichkeit &#8211; nur so entsteht echter Mehrwert f\u00fcr alle Beteiligten. Radfahren als nachhaltige Alternative im Tourismus Immer mehr Menschen entscheiden sich f\u00fcr einen umweltfreundlichen [&hellip;]\" \/>\n<meta property=\"og:url\" content=\"https:\/\/cyclebee.app\/en\/tourismus\/nachhaltiger-tourismus\/\" \/>\n<meta property=\"og:site_name\" content=\"cyclebee\" \/>\n<meta property=\"article:modified_time\" content=\"2023-09-13T11:06:53+00:00\" \/>\n<meta property=\"og:image\" content=\"https:\/\/cyclebee.app\/wp-content\/uploads\/2023\/09\/grafiknachhaltigertourismus-e1694503132244.png\" \/>\n<meta name=\"twitter:card\" content=\"summary_large_image\" \/>\n<meta name=\"twitter:label1\" content=\"Estimated reading time\" \/>\n\t<meta name=\"twitter:data1\" content=\"2 minutes\" \/>\n<script type=\"application\/ld+json\" class=\"yoast-schema-graph\">{\"@context\":\"https:\/\/schema.org\",\"@graph\":[{\"@type\":\"WebPage\",\"@id\":\"https:\/\/cyclebee.app\/tourismus\/nachhaltiger-tourismus\/\",\"url\":\"https:\/\/cyclebee.app\/tourismus\/nachhaltiger-tourismus\/\",\"name\":\"Nachhaltiger Tourismus - cyclebee\",\"isPartOf\":{\"@id\":\"https:\/\/cyclebee.app\/#website\"},\"primaryImageOfPage\":{\"@id\":\"https:\/\/cyclebee.app\/tourismus\/nachhaltiger-tourismus\/#primaryimage\"},\"image\":{\"@id\":\"https:\/\/cyclebee.app\/tourismus\/nachhaltiger-tourismus\/#primaryimage\"},\"thumbnailUrl\":\"https:\/\/cyclebee.app\/wp-content\/uploads\/2023\/09\/grafiknachhaltigertourismus-e1694503132244.png\",\"datePublished\":\"2023-09-12T07:14:39+00:00\",\"dateModified\":\"2023-09-13T11:06:53+00:00\",\"breadcrumb\":{\"@id\":\"https:\/\/cyclebee.app\/tourismus\/nachhaltiger-tourismus\/#breadcrumb\"},\"inLanguage\":\"en-GB\",\"potentialAction\":[{\"@type\":\"ReadAction\",\"target\":[\"https:\/\/cyclebee.app\/tourismus\/nachhaltiger-tourismus\/\"]}]},{\"@type\":\"ImageObject\",\"inLanguage\":\"en-GB\",\"@id\":\"https:\/\/cyclebee.app\/tourismus\/nachhaltiger-tourismus\/#primaryimage\",\"url\":\"https:\/\/cyclebee.app\/wp-content\/uploads\/2023\/09\/grafiknachhaltigertourismus-e1694503132244.png\",\"contentUrl\":\"https:\/\/cyclebee.app\/wp-content\/uploads\/2023\/09\/grafiknachhaltigertourismus-e1694503132244.png\"},{\"@type\":\"BreadcrumbList\",\"@id\":\"https:\/\/cyclebee.app\/tourismus\/nachhaltiger-tourismus\/#breadcrumb\",\"itemListElement\":[{\"@type\":\"ListItem\",\"position\":1,\"name\":\"Home\",\"item\":\"https:\/\/cyclebee.app\/\"},{\"@type\":\"ListItem\",\"position\":2,\"name\":\"Fahrrad Tourismus Beratung\",\"item\":\"https:\/\/cyclebee.app\/tourismus\/\"},{\"@type\":\"ListItem\",\"position\":3,\"name\":\"Nachhaltiger Tourismus\"}]},{\"@type\":\"WebSite\",\"@id\":\"https:\/\/cyclebee.app\/#website\",\"url\":\"https:\/\/cyclebee.app\/\",\"name\":\"cyclebee - Radreise-App\",\"description\":\"gemeinsam einfach radreisen\",\"publisher\":{\"@id\":\"https:\/\/cyclebee.app\/#organization\"},\"potentialAction\":[{\"@type\":\"SearchAction\",\"target\":{\"@type\":\"EntryPoint\",\"urlTemplate\":\"https:\/\/cyclebee.app\/?s={search_term_string}\"},\"query-input\":{\"@type\":\"PropertyValueSpecification\",\"valueRequired\":true,\"valueName\":\"search_term_string\"}}],\"inLanguage\":\"en-GB\"},{\"@type\":\"Organization\",\"@id\":\"https:\/\/cyclebee.app\/#organization\",\"name\":\"cyclebee\",\"url\":\"https:\/\/cyclebee.app\/\",\"logo\":{\"@type\":\"ImageObject\",\"inLanguage\":\"en-GB\",\"@id\":\"https:\/\/cyclebee.app\/#\/schema\/logo\/image\/\",\"url\":\"https:\/\/cyclebee.app\/wp-content\/uploads\/2021\/04\/logoblack.png\",\"contentUrl\":\"https:\/\/cyclebee.app\/wp-content\/uploads\/2021\/04\/logoblack.png\",\"width\":505,\"height\":128,\"caption\":\"cyclebee\"},\"image\":{\"@id\":\"https:\/\/cyclebee.app\/#\/schema\/logo\/image\/\"}}]}<\/script>\n<!-- \/ Yoast SEO plugin. -->","yoast_head_json":{"title":"Nachhaltiger Tourismus - cyclebee","robots":{"index":"index","follow":"follow","max-snippet":"max-snippet:-1","max-image-preview":"max-image-preview:large","max-video-preview":"max-video-preview:-1"},"canonical":"https:\/\/cyclebee.app\/en\/tourismus\/nachhaltiger-tourismus\/","og_locale":"en_GB","og_type":"article","og_title":"Nachhaltiger Tourismus - cyclebee","og_description":"Nachhaltiger Tourismus als Motor f\u00fcr die regionale Entwicklung Die Vorteile im \u00dcberblick Die Zukunft des Reisens. Der Tourismus der Zukunft ist nachhaltig. Modernes Reisen steht f\u00fcr langfristige \u00f6kologische, \u00f6konomische und soziale Vertr\u00e4glichkeit &#8211; nur so entsteht echter Mehrwert f\u00fcr alle Beteiligten. Radfahren als nachhaltige Alternative im Tourismus Immer mehr Menschen entscheiden sich f\u00fcr einen umweltfreundlichen [&hellip;]","og_url":"https:\/\/cyclebee.app\/en\/tourismus\/nachhaltiger-tourismus\/","og_site_name":"cyclebee","article_modified_time":"2023-09-13T11:06:53+00:00","og_image":[{"url":"https:\/\/cyclebee.app\/wp-content\/uploads\/2023\/09\/grafiknachhaltigertourismus-e1694503132244.png","type":"","width":"","height":""}],"twitter_card":"summary_large_image","twitter_misc":{"Estimated reading time":"2 minutes"},"schema":{"@context":"https:\/\/schema.org","@graph":[{"@type":"WebPage","@id":"https:\/\/cyclebee.app\/tourismus\/nachhaltiger-tourismus\/","url":"https:\/\/cyclebee.app\/tourismus\/nachhaltiger-tourismus\/","name":"Nachhaltiger Tourismus - cyclebee","isPartOf":{"@id":"https:\/\/cyclebee.app\/#website"},"primaryImageOfPage":{"@id":"https:\/\/cyclebee.app\/tourismus\/nachhaltiger-tourismus\/#primaryimage"},"image":{"@id":"https:\/\/cyclebee.app\/tourismus\/nachhaltiger-tourismus\/#primaryimage"},"thumbnailUrl":"https:\/\/cyclebee.app\/wp-content\/uploads\/2023\/09\/grafiknachhaltigertourismus-e1694503132244.png","datePublished":"2023-09-12T07:14:39+00:00","dateModified":"2023-09-13T11:06:53+00:00","breadcrumb":{"@id":"https:\/\/cyclebee.app\/tourismus\/nachhaltiger-tourismus\/#breadcrumb"},"inLanguage":"en-GB","potentialAction":[{"@type":"ReadAction","target":["https:\/\/cyclebee.app\/tourismus\/nachhaltiger-tourismus\/"]}]},{"@type":"ImageObject","inLanguage":"en-GB","@id":"https:\/\/cyclebee.app\/tourismus\/nachhaltiger-tourismus\/#primaryimage","url":"https:\/\/cyclebee.app\/wp-content\/uploads\/2023\/09\/grafiknachhaltigertourismus-e1694503132244.png","contentUrl":"https:\/\/cyclebee.app\/wp-content\/uploads\/2023\/09\/grafiknachhaltigertourismus-e1694503132244.png"},{"@type":"BreadcrumbList","@id":"https:\/\/cyclebee.app\/tourismus\/nachhaltiger-tourismus\/#breadcrumb","itemListElement":[{"@type":"ListItem","position":1,"name":"Home","item":"https:\/\/cyclebee.app\/"},{"@type":"ListItem","position":2,"name":"Fahrrad Tourismus Beratung","item":"https:\/\/cyclebee.app\/tourismus\/"},{"@type":"ListItem","position":3,"name":"Nachhaltiger Tourismus"}]},{"@type":"WebSite","@id":"https:\/\/cyclebee.app\/#website","url":"https:\/\/cyclebee.app\/","name":"cyclebee - Radreise-App","description":"gemeinsam einfach radreisen","publisher":{"@id":"https:\/\/cyclebee.app\/#organization"},"potentialAction":[{"@type":"SearchAction","target":{"@type":"EntryPoint","urlTemplate":"https:\/\/cyclebee.app\/?s={search_term_string}"},"query-input":{"@type":"PropertyValueSpecification","valueRequired":true,"valueName":"search_term_string"}}],"inLanguage":"en-GB"},{"@type":"Organization","@id":"https:\/\/cyclebee.app\/#organization","name":"cyclebee","url":"https:\/\/cyclebee.app\/","logo":{"@type":"ImageObject","inLanguage":"en-GB","@id":"https:\/\/cyclebee.app\/#\/schema\/logo\/image\/","url":"https:\/\/cyclebee.app\/wp-content\/uploads\/2021\/04\/logoblack.png","contentUrl":"https:\/\/cyclebee.app\/wp-content\/uploads\/2021\/04\/logoblack.png","width":505,"height":128,"caption":"cyclebee"},"image":{"@id":"https:\/\/cyclebee.app\/#\/schema\/logo\/image\/"}}]}},"_links":{"self":[{"href":"https:\/\/cyclebee.app\/en\/wp-json\/wp\/v2\/pages\/3001","targetHints":{"allow":["GET"]}}],"collection":[{"href":"https:\/\/cyclebee.app\/en\/wp-json\/wp\/v2\/pages"}],"about":[{"href":"https:\/\/cyclebee.app\/en\/wp-json\/wp\/v2\/types\/page"}],"author":[{"embeddable":true,"href":"https:\/\/cyclebee.app\/en\/wp-json\/wp\/v2\/users\/1"}],"replies":[{"embeddable":true,"href":"https:\/\/cyclebee.app\/en\/wp-json\/wp\/v2\/comments?post=3001"}],"version-history":[{"count":7,"href":"https:\/\/cyclebee.app\/en\/wp-json\/wp\/v2\/pages\/3001\/revisions"}],"predecessor-version":[{"id":3014,"href":"https:\/\/cyclebee.app\/en\/wp-json\/wp\/v2\/pages\/3001\/revisions\/3014"}],"up":[{"embeddable":true,"href":"https:\/\/cyclebee.app\/en\/wp-json\/wp\/v2\/pages\/2960"}],"wp:attachment":[{"href":"https:\/\/cyclebee.app\/en\/wp-json\/wp\/v2\/media?parent=3001"}],"curies":[{"name":"wp","href":"https:\/\/api.w.org\/{rel}","templated":true}]}}